{"id":20003,"date":"2016-06-02T19:04:57","date_gmt":"2016-06-02T19:04:57","guid":{"rendered":"http:\/\/sealandsky.es\/?page_id=20003"},"modified":"2020-06-22T10:48:35","modified_gmt":"2020-06-22T10:48:35","slug":"empresa","status":"publish","type":"page","link":"https:\/\/sealandsky.es\/index.php\/empresa\/","title":{"rendered":"Empresa"},"content":{"rendered":"<p>[vc_row][vc_column width=\u00bb2\/3&#8243;][vc_custom_heading text=\u00bbPresentaci\u00f3n Sealandsky &#8211; Filosof\u00eda\u00bb google_fonts=\u00bbfont_family:Montserrat%3Aregular%2C700|font_style:400%20regular%3A400%3Anormal\u00bb][vc_column_text]<\/p>\n<p style=\"text-align: justify;\"><span style=\"font-weight: 400;\">Sealandsky S.L se constituye el 16 de enero de 2013 por emprendedores experimentados dedicados al <strong>transporte terrestre de mercanc\u00edas en contenedores mar\u00edtimos. <\/strong>Poseedores\u00a0del <strong>O.T<\/strong>. y en tr\u00e1mites de\u00a0\u00a0la obtenci\u00f3n del certificado de calidad\u00a0<strong>ISO 9001<\/strong>, cuenta con colaboradores cualificados para poder ofrecer el mejor servicio. Las oficinas de la empresa, situadas en \u00a0las inmediaciones del puerto de Barcelona, se encuentran en una localizaci\u00f3n id\u00f3nea para facilitar las labores de transporte y gesti\u00f3n.<\/span><\/p>\n<p style=\"text-align: justify;\"><span style=\"font-weight: 400;\"><strong>SEALANDSKY, S.L<\/strong>., incluida en el S<em>istema P\u00f3rtico del Puerto de Barcelona,<\/em>\u00a0dispone de veh\u00edculos acreditados con la documentaci\u00f3n necesaria establecida por la ley vigente, son supervisados por la misma empresa garantizando la asistencia precisa para tranquilidad del cliente ( puerto \u2013 puerta \u2013 puerto ) atesorando suplementos en seguros de los veh\u00edculos para el espacio portuario.<\/span><\/p>\n<p style=\"text-align: justify;\"><span style=\"font-weight: 400;\">La\u00a0filosof\u00eda de Sealandsky S.L se basa en la comunicaci\u00f3n y colaboraci\u00f3n con sus\u00a0clientes y proveedores, minimizando as\u00ed equ\u00edvocos, creciendo y evolucionando en sinergia de las necesidades de sus\u00a0partners y ofreciendo soluciones a los posibles problemas que pudieran surgir.<\/span><\/p>\n<p>[\/vc_column_text][\/vc_column][vc_column width=\u00bb1\/3&#8243;][vc_row_inner][vc_column_inner][vc_single_image image=\u00bb20005&#8243; img_size=\u00bbfull\u00bb alignment=\u00bbcenter\u00bb style=\u00bbvc_box_rounded\u00bb][vc_column_text]Empresa en tr\u00e1mites\u00a0de obtenci\u00f3n del certificado ISO 9001[\/vc_column_text][\/vc_column_inner][\/vc_row_inner][vc_separator color=\u00bbgrey\u00bb][\/vc_column][vc_column][vc_text_separator title=\u00bbServicios\u00bb color=\u00bbblack\u00bb][\/vc_column][\/vc_row][vc_row full_width=\u00bbstretch_row\u00bb gap=\u00bb10&#8243; css=\u00bb.vc_custom_1479929631430{margin-bottom: 40px !important;}\u00bb][vc_column width=\u00bb1\/4&#8243; css=\u00bb.vc_custom_1479929568395{margin-bottom: 15px !important;border-top-width: 2px !important;border-right-width: 2px !important;border-bottom-width: 2px !important;border-left-width: 2px !important;border-left-color: #e5e5e5 !important;border-left-style: solid !important;border-right-color: #e5e5e5 !important;border-right-style: solid !important;border-top-color: #e5e5e5 !important;border-top-style: solid !important;border-bottom-color: #e5e5e5 !important;border-bottom-style: solid !important;}\u00bb][vc_icon type=\u00bbopeniconic\u00bb icon_openiconic=\u00bbvc-oi vc-oi-loop\u00bb color=\u00bbwhite\u00bb background_style=\u00bbrounded-less\u00bb background_color=\u00bbblack\u00bb size=\u00bblg\u00bb align=\u00bbcenter\u00bb][vc_custom_heading text=\u00bbServicios destacados\u00bb font_container=\u00bbtag:h3|text_align:center\u00bb use_theme_fonts=\u00bbyes\u00bb css=\u00bb.vc_custom_1479922218979{margin-top: 0px !important;}\u00bb][vc_column_text css=\u00bb.vc_custom_1479924167860{margin-bottom: 15px !important;}\u00bb]<\/p>\n<p style=\"text-align: justify;\">Le presentamos solo unos pocos de nuestros servicios m\u00e1s destacados:<\/p>\n<ul>\n<li style=\"text-align: justify;\">Realizamos transporte de contenedores mar\u00edtimos por todo el territorio nacional y todos los pa\u00edses dentro del espacio Schengen.<\/li>\n<li style=\"text-align: justify;\">Gesti\u00f3n Log\u00edstica Integral del transporte de mercanc\u00edas de car\u00e1cter internacional (IMPORT\/EXPORT).<\/li>\n<li style=\"text-align: justify;\">Transporte cargas convencionales, almacenaje y distribuci\u00f3n por todo el territorio nacional.<\/li>\n<li style=\"text-align: justify;\">Con capacidad de llegar a todo el territorio internacional.<\/li>\n<\/ul>\n<p>[\/vc_column_text][vc_empty_space height=\u00bb12px\u00bb][\/vc_column][vc_column width=\u00bb1\/4&#8243; css=\u00bb.vc_custom_1479930009535{border-top-width: 2px !important;border-right-width: 2px !important;border-bottom-width: 2px !important;border-left-width: 2px !important;background-color: #ffffff !important;border-left-color: #e5e5e5 !important;border-left-style: solid !important;border-right-color: #e5e5e5 !important;border-right-style: solid !important;border-top-color: #e5e5e5 !important;border-top-style: solid !important;border-bottom-color: #e5e5e5 !important;border-bottom-style: solid !important;}\u00bb][vc_icon type=\u00bbopeniconic\u00bb icon_openiconic=\u00bbvc-oi vc-oi-award\u00bb color=\u00bbwhite\u00bb background_style=\u00bbrounded-less\u00bb background_color=\u00bbblack\u00bb size=\u00bblg\u00bb align=\u00bbcenter\u00bb][vc_custom_heading text=\u00bbPor qu\u00e9 elegir<br \/>\nSea Land Sky\u00bb font_container=\u00bbtag:h3|text_align:center\u00bb use_theme_fonts=\u00bbyes\u00bb css=\u00bb.vc_custom_1479924913614{margin-top: 0px !important;}\u00bb][vc_column_text css=\u00bb.vc_custom_1479923535110{margin-bottom: 15px !important;}\u00bb]<\/p>\n<p style=\"text-align: justify;\">Sea Land Sky les ofrece una soluci\u00f3n global en la gesti\u00f3n Log\u00edstica para el transporte de mercanc\u00edas en contenedores mar\u00edtimos, transporte Nacional como Internacional, de importaci\u00f3n y\u00a0exportaci\u00f3n, almacenaje y Distribuci\u00f3n.<\/p>\n<p style=\"text-align: justify;\">Nuestros puntos fuertes son:<\/p>\n<ul>\n<li style=\"text-align: justify;\">Precios ajustados en cada servicio<\/li>\n<li style=\"text-align: justify;\">Calidad del transporte.<\/li>\n<li style=\"text-align: justify;\">Rapidez en gesti\u00f3n del transporte.<\/li>\n<\/ul>\n<p>[\/vc_column_text][vc_empty_space height=\u00bb17px\u00bb][\/vc_column][vc_column width=\u00bb1\/4&#8243; css=\u00bb.vc_custom_1479930024106{border-top-width: 2px !important;border-right-width: 2px !important;border-bottom-width: 2px !important;border-left-width: 2px !important;border-left-color: #e5e5e5 !important;border-left-style: solid !important;border-right-color: #e5e5e5 !important;border-right-style: solid !important;border-top-color: #e5e5e5 !important;border-top-style: solid !important;border-bottom-color: #e5e5e5 !important;border-bottom-style: solid !important;}\u00bb][vc_icon type=\u00bbopeniconic\u00bb icon_openiconic=\u00bbvc-oi vc-oi-location-inv\u00bb color=\u00bbwhite\u00bb background_style=\u00bbrounded-less\u00bb background_color=\u00bbblack\u00bb size=\u00bblg\u00bb align=\u00bbcenter\u00bb][vc_custom_heading text=\u00bbNuestra Ubicaci\u00f3n Privilegiada\u00bb font_container=\u00bbtag:h3|text_align:center\u00bb use_theme_fonts=\u00bbyes\u00bb css=\u00bb.vc_custom_1479924254781{margin-top: 0px !important;}\u00bb][vc_column_text css=\u00bb.vc_custom_1479923503921{margin-bottom: 15px !important;}\u00bb]<\/p>\n<p style=\"text-align: justify;\">Sea Land Sky se encuentra ubicado estrat\u00e9gicamente en el recinto del <strong>Puerto Aut\u00f3nomo de Barcelona<\/strong> y a 5 minutos del A<strong>eropuerto Internacional del Prat<\/strong>. Esta situaci\u00f3n privilegiada favorece nuestros tiempos de respuesta y planificaci\u00f3n para el transporte de Contenedores Mar\u00edtimos y el transporte Internacional de Mercanc\u00edas.<\/p>\n<p>[\/vc_column_text][vc_empty_space height=\u00bb87px\u00bb][\/vc_column][vc_column width=\u00bb1\/4&#8243; css=\u00bb.vc_custom_1479929617213{margin-bottom: 15px !important;border-top-width: 2px !important;border-right-width: 2px !important;border-bottom-width: 2px !important;border-left-width: 2px !important;border-left-color: #e5e5e5 !important;border-left-style: solid !important;border-right-color: #e5e5e5 !important;border-right-style: solid !important;border-top-color: #e5e5e5 !important;border-top-style: solid !important;border-bottom-color: #e5e5e5 !important;border-bottom-style: solid !important;}\u00bb][vc_icon type=\u00bbopeniconic\u00bb icon_openiconic=\u00bbvc-oi vc-oi-share\u00bb color=\u00bbwhite\u00bb background_style=\u00bbrounded-less\u00bb background_color=\u00bbblack\u00bb size=\u00bblg\u00bb align=\u00bbcenter\u00bb][vc_custom_heading text=\u00bbServicios habituales\u00bb font_container=\u00bbtag:h3|text_align:center\u00bb use_theme_fonts=\u00bbyes\u00bb css=\u00bb.vc_custom_1479924120274{margin-top: 0px !important;}\u00bb][vc_column_text]<\/p>\n<p style=\"text-align: justify;\">Si bien cada uno de nuestros partners requiere un servicio especializado y personalizado, los servicios que solemos prestar mas habitualmente son:<\/p>\n<ul>\n<li style=\"text-align: justify;\">Transportes Locales<\/li>\n<li style=\"text-align: justify;\">Transportes Nacionales<\/li>\n<li style=\"text-align: justify;\">Transportes Internacionales<\/li>\n<li style=\"text-align: justify;\">Alquiler de Plataformas<\/li>\n<li style=\"text-align: justify;\">Enganche de Plataformas Externas<\/li>\n<li style=\"text-align: justify;\">Mercanc\u00edas Peligrosas (A.D.R.)<\/li>\n<li style=\"text-align: justify;\">Mercanc\u00edas Perecederas y Congelados<\/li>\n<li style=\"text-align: justify;\">Transportes Especiales<\/li>\n<\/ul>\n<p>[\/vc_column_text][vc_empty_space height=\u00bb4px\u00bb][\/vc_column][\/vc_row]<\/p>\n","protected":false},"excerpt":{"rendered":"<p>[vc_row][vc_column width=\u00bb2\/3&#8243;][vc_custom_heading text=\u00bbPresentaci\u00f3n Sealandsky &#8211; Filosof\u00eda\u00bb google_fonts=\u00bbfont_family:Montserrat%3Aregular%2C700|font_style:400%20regular%3A400%3Anormal\u00bb][vc_column_text] Sealandsky S.L se constituye el 16 de enero&#8230;<\/p>\n","protected":false},"author":1,"featured_media":0,"parent":0,"menu_order":0,"comment_status":"closed","ping_status":"closed","template":"","meta":[],"_links":{"self":[{"href":"https:\/\/sealandsky.es\/index.php\/wp-json\/wp\/v2\/pages\/20003"}],"collection":[{"href":"https:\/\/sealandsky.es\/index.php\/wp-json\/wp\/v2\/pages"}],"about":[{"href":"https:\/\/sealandsky.es\/index.php\/wp-json\/wp\/v2\/types\/page"}],"author":[{"embeddable":true,"href":"https:\/\/sealandsky.es\/index.php\/wp-json\/wp\/v2\/users\/1"}],"replies":[{"embeddable":true,"href":"https:\/\/sealandsky.es\/index.php\/wp-json\/wp\/v2\/comments?post=20003"}],"version-history":[{"count":10,"href":"https:\/\/sealandsky.es\/index.php\/wp-json\/wp\/v2\/pages\/20003\/revisions"}],"predecessor-version":[{"id":20171,"href":"https:\/\/sealandsky.es\/index.php\/wp-json\/wp\/v2\/pages\/20003\/revisions\/20171"}],"wp:attachment":[{"href":"https:\/\/sealandsky.es\/index.php\/wp-json\/wp\/v2\/media?parent=20003"}],"curies":[{"name":"wp","href":"https:\/\/api.w.org\/{rel}","templated":true}]}}